{"id":19,"date":"2014-04-16T22:01:41","date_gmt":"2014-04-16T22:01:41","guid":{"rendered":"http:\/\/r6themes.com\/rayleigh-wp\/light\/?page_id=19"},"modified":"2022-09-16T07:43:53","modified_gmt":"2022-09-16T07:43:53","slug":"profil","status":"publish","type":"page","link":"http:\/\/www.alvarocaballero.ch\/index.php\/profil\/","title":{"rendered":"Profil"},"content":{"rendered":"<article class=\"service-box col-12\"><div class=\"image\"><i class=\"fa  fa-plus-square\"><\/i><\/div><div class=\"inner\"><header><h3>Connaissance du contexte<\/h3><\/header><p>A l\u2019aise avec la normative Suisse et la construction locale. Exp\u00e9rience dans la mise aux normes SIA et VKF de projets de diff\u00e9rentes \u00e9chelles. Dossiers d&#8217;autorisation et d\u2019ex\u00e9cution. Soumissions et m\u00e9tr\u00e9s. Coordination de mandataires et sp\u00e9cialistes. Planning du chemin critique et suivi de projets.<a href=\"http:\/\/www.alvarocaballero.ch\/wp-content\/uploads\/2018\/10\/AC_Curriculum-1.pdf\"> Curriculum Vitae<\/a><\/p><\/div><\/article>\n<article class=\"service-box col-12\"><div class=\"image\"><i class=\"fa fa fa-tasks\"><\/i><\/div><div class=\"inner\"><header><h3>Outils de travail<\/h3><\/header><p>Connaissance approfondie des outils CAD, AutoCAD, REVIT, ArchiCAD, 3Dmax, V-Ray, Adobe CS, MS Office, CMS WordPress entre autres. Production multim\u00e9dia, photographie, vid\u00e9o et audio num\u00e9rique de haute qualit\u00e9.<\/p><\/div><\/article>\n<article class=\"service-box col-12\"><div class=\"image\"><i class=\"fa fa-eye\"><\/i><\/div><div class=\"inner\"><header><h3>Langues<\/h3><\/header><p>Espagnol, Fran\u00e7ais, Anglais courant. Fluidit\u00e9 et bon sens du langage et communication. Capacit\u00e9 de n\u00e9gociation avec diff\u00e9rents interlocuteurs, autorit\u00e9s, techniciens et entreprises. Capacit\u00e9 de communication claire pour l&#8217;organisation du travail d&#8217;\u00e9quipe.<\/p><\/div><\/article>\n<article class=\"service-box col-12\"><div class=\"image\"><i class=\"fa fa-clock-o\"><\/i><\/div><div class=\"inner\"><header><h3>Engagement et responsabilit\u00e9<\/h3><\/header><p>Compr\u00e9hension\u00a0rapide des objectifs du projet et de la gestion des ressources du client et de l\u2019\u00e9quipe de travail. Bonne ma\u00eetrise\u00a0de la planification et de l\u2019estimation du temps de travail. Respect des\u00a0d\u00e9lais, engagement et responsabilit\u00e9 envers\u00a0l\u2019\u00e9quipe de travail.<\/p><\/div><\/article>\n","protected":false},"excerpt":{"rendered":"","protected":false},"author":1,"featured_media":0,"parent":0,"menu_order":0,"comment_status":"open","ping_status":"open","template":"template-services.php","meta":[],"_links":{"self":[{"href":"http:\/\/www.alvarocaballero.ch\/index.php\/wp-json\/wp\/v2\/pages\/19"}],"collection":[{"href":"http:\/\/www.alvarocaballero.ch\/index.php\/wp-json\/wp\/v2\/pages"}],"about":[{"href":"http:\/\/www.alvarocaballero.ch\/index.php\/wp-json\/wp\/v2\/types\/page"}],"author":[{"embeddable":true,"href":"http:\/\/www.alvarocaballero.ch\/index.php\/wp-json\/wp\/v2\/users\/1"}],"replies":[{"embeddable":true,"href":"http:\/\/www.alvarocaballero.ch\/index.php\/wp-json\/wp\/v2\/comments?post=19"}],"version-history":[{"count":38,"href":"http:\/\/www.alvarocaballero.ch\/index.php\/wp-json\/wp\/v2\/pages\/19\/revisions"}],"predecessor-version":[{"id":963,"href":"http:\/\/www.alvarocaballero.ch\/index.php\/wp-json\/wp\/v2\/pages\/19\/revisions\/963"}],"wp:attachment":[{"href":"http:\/\/www.alvarocaballero.ch\/index.php\/wp-json\/wp\/v2\/media?parent=19"}],"curies":[{"name":"wp","href":"https:\/\/api.w.org\/{rel}","templated":true}]}}